{"id":209,"date":"2023-11-01T12:42:56","date_gmt":"2023-11-01T12:42:56","guid":{"rendered":"https:\/\/www.ascendingwithyou.com\/?page_id=209"},"modified":"2023-11-01T12:42:56","modified_gmt":"2023-11-01T12:42:56","slug":"impressum","status":"publish","type":"page","link":"https:\/\/www.ascendingwithyou.com\/index.php\/impressum\/","title":{"rendered":"Impressum"},"content":{"rendered":"<p>&nbsp;<\/p>\n<h2>ASCENDING<\/h2>\n<p>\nSolution of Sounds GmbH<br \/>\n<br \/>\nAlte Steinhauserstrasse 21<br \/>\n<br \/>\nCH-6330 Cham<\/p>\n<p>&nbsp;<\/p>\n<h2>Vertretungsberechtigte Personen<\/h2>\n<p>\nErhan Y\u00fccesan, Gesellschafter und Vorsitzender der Gesch\u00e4ftsf\u00fchrung<br \/>\n<br \/>\nRon Levis B\u00f6sch, Gesch\u00e4ftsf\u00fchrer<\/p>\n<p>&nbsp;<\/p>\n<h2>Handelsregistereintrag<\/h2>\n<p>&nbsp;<br \/>\n<br \/>\nEingetragener Firmenname: Solution of Sounds GmbH<br \/>\n<br \/>\nNummer: CHE-491.865.740<br \/>\n<br \/>\nHandelsregisteramt: Gesellschaft mit beschr\u00e4nkter Haftung<\/p>\n<p>&nbsp;<\/p>\n<h2>Haftungsausschluss<\/h2>\n<p>&nbsp;<br \/>\n<br \/>\nDer Autor \u00fcbernimmt keinerlei Gew\u00e4hr hinsichtlich der inhaltlichen Richtigkeit, Genauigkeit, Aktualit\u00e4t, Zuverl\u00e4ssigkeit und Vollst\u00e4ndigkeit der Informationen.<br \/>\n<br \/>\nHaftungsanspr\u00fcche gegen den Autor wegen Sch\u00e4den materieller oder immaterieller Art, welche aus dem Zugriff oder der Nutzung bzw. Nichtnutzung der ver\u00f6ffentlichten Informationen, durch Missbrauch der Verbindung oder durch technische St\u00f6rungen entstanden sind, werden ausgeschlossen.<br \/>\n<br \/>\nAlle Angebote sind unverbindlich. Der Autor beh\u00e4lt es sich ausdr\u00fccklich vor, Teile der Seiten oder das gesamte Angebot ohne gesonderte Ank\u00fcndigung zu ver\u00e4ndern, zu erg\u00e4nzen, zu l\u00f6schen oder die Ver\u00f6ffentlichung zeitweise oder endg\u00fcltig einzustellen.<\/p>\n<p>&nbsp;<\/p>\n<h2>Haftung f\u00fcr Links<\/h2>\n<p>&nbsp;<br \/>\n<br \/>\nVerweise und Links auf Webseiten Dritter liegen ausserhalb unseres Verantwortungsbereichs Es wird jegliche Verantwortung f\u00fcr solche Webseiten abgelehnt. Der Zugriff und die Nutzung solcher Webseiten erfolgen auf eigene Gefahr des Nutzers oder der Nutzerin.<\/p>\n<p>&nbsp;<\/p>\n<h2>Urheberrechte<\/h2>\n<p>&nbsp;<br \/>\n<br \/>\nDie Urheber- und alle anderen Rechte an Inhalten, Bildern, Fotos oder anderen Dateien auf der Website geh\u00f6ren ausschliesslich der Firma <strong> Solution of Sounds GmbH<\/strong> oder den speziell genannten Rechtsinhabern. F\u00fcr die Reproduktion jeglicher Elemente ist die schriftliche Zustimmung der Urheberrechtstr\u00e4ger im Voraus einzuholen.<br \/>\n<br \/>\n&nbsp;<\/p>\n","protected":false},"excerpt":{"rendered":"<p>&nbsp; ASCENDING Solution of Sounds GmbH Alte Steinhauserstrasse 21 CH-6330 Cham &nbsp; Vertretungsberechtigte Personen Erhan Y\u00fccesan, Gesellschafter und Vorsitzender der Gesch\u00e4ftsf\u00fchrung Ron Levis B\u00f6sch, Gesch\u00e4ftsf\u00fchrer &nbsp; Handelsregistereintrag &nbsp; Eingetragener Firmenname: Solution of Sounds GmbH Nummer: CHE-491.865.740 Handelsregisteramt: Gesellschaft mit beschr\u00e4nkter Haftung &nbsp; Haftungsausschluss &nbsp; Der Autor \u00fcbernimmt keinerlei Gew\u00e4hr hinsichtlich der inhaltlichen Richtigkeit, Genauigkeit, Aktualit\u00e4t, [&hellip;]<\/p>\n","protected":false},"author":1,"featured_media":0,"parent":0,"menu_order":0,"comment_status":"closed","ping_status":"closed","template":"","meta":{"footnotes":""},"class_list":["post-209","page","type-page","status-publish","hentry"],"_links":{"self":[{"href":"https:\/\/www.ascendingwithyou.com\/index.php\/wp-json\/wp\/v2\/pages\/209","targetHints":{"allow":["GET"]}}],"collection":[{"href":"https:\/\/www.ascendingwithyou.com\/index.php\/wp-json\/wp\/v2\/pages"}],"about":[{"href":"https:\/\/www.ascendingwithyou.com\/index.php\/wp-json\/wp\/v2\/types\/page"}],"author":[{"embeddable":true,"href":"https:\/\/www.ascendingwithyou.com\/index.php\/wp-json\/wp\/v2\/users\/1"}],"replies":[{"embeddable":true,"href":"https:\/\/www.ascendingwithyou.com\/index.php\/wp-json\/wp\/v2\/comments?post=209"}],"version-history":[{"count":1,"href":"https:\/\/www.ascendingwithyou.com\/index.php\/wp-json\/wp\/v2\/pages\/209\/revisions"}],"predecessor-version":[{"id":210,"href":"https:\/\/www.ascendingwithyou.com\/index.php\/wp-json\/wp\/v2\/pages\/209\/revisions\/210"}],"wp:attachment":[{"href":"https:\/\/www.ascendingwithyou.com\/index.php\/wp-json\/wp\/v2\/media?parent=209"}],"curies":[{"name":"wp","href":"https:\/\/api.w.org\/{rel}","templated":true}]}}